{"id":276,"date":"2024-08-14T19:39:52","date_gmt":"2024-08-14T19:39:52","guid":{"rendered":"https:\/\/ifacesso.com.br\/?page_id=276"},"modified":"2024-10-25T18:43:03","modified_gmt":"2024-10-25T18:43:03","slug":"politica-de-privacidade","status":"publish","type":"page","link":"https:\/\/www.ifclick.com.br\/?page_id=276","title":{"rendered":"Pol\u00edtica de Privacidade"},"content":{"rendered":"\n<div class=\"wp-block-uagb-container uagb-block-f372980f alignfull uagb-is-root-container\"><div class=\"uagb-container-inner-blocks-wrap\">\n<div class=\"wp-block-uagb-container uagb-block-45236126\">\n<div class=\"wp-block-columns is-layout-flex wp-container-core-columns-is-layout-28f84493 wp-block-columns-is-layout-flex\">\n<div class=\"wp-block-column is-layout-flow wp-block-column-is-layout-flow\" style=\"padding-top:var(--wp--preset--spacing--70);padding-right:var(--wp--preset--spacing--60);padding-bottom:var(--wp--preset--spacing--70);padding-left:var(--wp--preset--spacing--60)\">\n<h1 class=\"wp-block-heading\">Pol\u00edtica de Privacidade<\/h1>\n\n\n\n<p><strong>1. Introdu\u00e7\u00e3o<br><\/strong>1.1. Objetivo e escopo desta Pol\u00edtica<br>1.2. Responsabilidades das partes<br><strong>2. Ciclo de Vida dos Dados<br><\/strong>2.1. Coleta de dados<br>2.2. Uso e acesso aos dados pessoais<br>2.3. Cancelamento de contrato e elimina\u00e7\u00e3o de dados pessoais<br>2.4. Transfer\u00eancia internacional de dados pessoais<br><strong>3. Os direitos dos titulares<br><\/strong>3.1. Consentimento sobre o uso de dados pessoais<br><strong>4. Requisitos t\u00e9cnicos na prote\u00e7\u00e3o de dados pessoais<br>5. Altera\u00e7\u00f5es da Pol\u00edtica de Privacidade de Dados<\/strong><\/p>\n\n\n\n<h2 class=\"wp-block-heading\">1. Introdu\u00e7\u00e3o<\/h2>\n\n\n\n<h3 class=\"wp-block-heading\">1.1. Objetivo e escopo desta Pol\u00edtica<\/h3>\n\n\n\n<p>Esta pol\u00edtica aplica-se aos colaboradores internos e parceiros da iFractal Desenvolvimento de Software LTDA e descreve como os dados pessoais dos usu\u00e1rios de nossos servi\u00e7os s\u00e3o coletados, mantidos, protegidos e destru\u00eddos ao fim do contrato de servi\u00e7o.<\/p>\n\n\n\n<p>A aceita\u00e7\u00e3o desta pol\u00edtica \u00e9 realizada no momento do contrato de trabalho ou de servi\u00e7o firmado pela iFractal e uma das partes mencionadas.<\/p>\n\n\n\n<p>Qualquer d\u00favida em rela\u00e7\u00e3o a nossa pol\u00edtica de privacidade pode ser esclarecida entrando em contato conosco pelo e-mail seguranca@ifractal.com.br aos cuidados de Nycolas Batista Medeiros (Encarregado de Dados).<\/p>\n\n\n\n<h3 class=\"wp-block-heading\">1.2. Responsabilidades das partes<\/h3>\n\n\n\n<p>Cada parte envolvida (iFractal, clientes, colaboradores, parceiros) possui suas responsabilidades no processamento de dados pessoais. A iFractal se compromete a realizar auditorias peri\u00f3dicas com os fornecedores que armazenam ou possam ter acesso aos dados pessoais operados pela organiza\u00e7\u00e3o.<\/p>\n\n\n\n<p>A iFractal tamb\u00e9m se responsabiliza em aplicar treinamentos e auditorias internas regulares para garantir que toda a organiza\u00e7\u00e3o esteja alinhada com a import\u00e2ncia sobre a prote\u00e7\u00e3o de dados pessoais, realizando a melhoria cont\u00ednua de seus processos e controles.<\/p>\n\n\n\n<p>As solu\u00e7\u00f5es da iFractal tamb\u00e9m s\u00e3o comercializadas por empresas revendedoras, estas que ficam respons\u00e1veis pelas pr\u00f3prias pr\u00e1ticas de Privacidade e Prote\u00e7\u00e3o de Dados perante seus clientes. A iFractal n\u00e3o se responsabiliza pelas a\u00e7\u00f5es tomadas pelas revendedoras de seus servi\u00e7os.<\/p>\n\n\n\n<h2 class=\"wp-block-heading\">2. Ciclo de Vida dos Dados<\/h2>\n\n\n\n<p>Nesta se\u00e7\u00e3o descrevemos como \u00e9 realizada a coleta, armazenamento, tratamento e elimina\u00e7\u00e3o de dados pessoais dos colaboradores dos clientes nos sistemas e aplicativos da iFractal\u00ae.<\/p>\n\n\n\n<h3 class=\"wp-block-heading\">2.1. Coleta de dados<\/h3>\n\n\n\n<p>Os dados coletados e armazenados em nossas aplica\u00e7\u00f5es resumem-se \u00e0 identifica\u00e7\u00e3o pessoal e registro de jornada de trabalho, como hor\u00e1rio das marca\u00e7\u00f5es, geolocaliza\u00e7\u00e3o e foto de rosto (quando aplic\u00e1vel). Todos os tipos de dados pessoais coletados s\u00e3o informados em um Invent\u00e1rio de Dados mantido pela \u00e1rea de Seguran\u00e7a da Informa\u00e7\u00e3o da iFractal. Este invent\u00e1rio tamb\u00e9m informa como os dados s\u00e3o coletados, armazenados, eliminados, al\u00e9m das bases legais utilizadas e hip\u00f3teses de tratamento.<\/p>\n\n\n\n<h3 class=\"wp-block-heading\">2.2. Uso e acesso aos dados pessoais<\/h3>\n\n\n\n<p>Os dados pessoais inseridos e tratados nas solu\u00e7\u00f5es da iFractal\u00ae s\u00e3o utilizados apenas para os fins acordados no contrato de servi\u00e7o. Quaisquer tratativas e a\u00e7\u00f5es tomadas com dados pessoais pelo Controlador s\u00e3o de sua total responsabilidade.<\/p>\n\n\n\n<p>Parceiros e provedores de servi\u00e7os da iFractal\u00ae, como nossa infraestrutura em nuvem, n\u00e3o possuem acesso aos dados pessoais tratados em nossas solu\u00e7\u00f5es e devem manter suas pr\u00f3prias pol\u00edticas atualizadas e publicadas.<\/p>\n\n\n\n<p>A n\u00e3o ser que seja com a finalidade de cumprir alguma determina\u00e7\u00e3o legal, regulat\u00f3ria ou ordem expedida por autoridade p\u00fablica, a iFractal\u00ae n\u00e3o compartilha ou realiza venda de dados pessoais.<\/p>\n\n\n\n<h3 class=\"wp-block-heading\">2.3. Cancelamento de contrato e elimina\u00e7\u00e3o de dados pessoais<\/h3>\n\n\n\n<p>No caso de cancelamento do contrato de presta\u00e7\u00e3o de servi\u00e7o fornecido pela iFractal\u00ae, os dados pessoais tratados e armazenados nas solu\u00e7\u00f5es contratadas ser\u00e3o mantidos conforme per\u00edodo pr\u00e9-determinado em contrato.<\/p>\n\n\n\n<p>Ao t\u00e9rmino do per\u00edodo estipulado, a infraestrutura referente ao cancelamento de contrato \u00e9 eliminada juntamente com todos os dados armazenados nela. A iFractal\u00ae n\u00e3o mant\u00e9m nenhuma c\u00f3pia da base de dados, seja f\u00edsica ou em nuvem, ap\u00f3s a rescis\u00e3o do contrato de servi\u00e7o.<\/p>\n\n\n\n<h3 class=\"wp-block-heading\">2.4. Transfer\u00eancia internacional de dados pessoais<\/h3>\n\n\n\n<p>Os servi\u00e7os fornecidos pela iFractal s\u00e3o mantidos em infraestruturas em nuvem, gerenciadas por um fornecedor com contrato brasileiro, por\u00e9m com infraestrutura americana. O fornecedor est\u00e1 em conformidade com a GDPR (General Data Protection Regulation) e o Programa Safe Harbor para garantir a prote\u00e7\u00e3o dos dados de seus fornecedores.<\/p>\n\n\n\n<h2 class=\"wp-block-heading\">3. Os direitos dos titulares<\/h2>\n\n\n\n<p>De acordo com a Lei Geral Prote\u00e7\u00e3o de Dados, os titulares dos dados possuem direitos assegurados sobre o tratamento de seus dados pessoais. Os direitos listados abaixo, e previstos por lei, devem ser garantidos pelo Controlador (empregadores dos usu\u00e1rios de nossas solu\u00e7\u00f5es) e\/ou Operador (iFractal):<\/p>\n\n\n\n<p>Confirma\u00e7\u00e3o da exist\u00eancia do tratamento;<br>Acesso aos dados;<br>Corre\u00e7\u00e3o de dados incompletos, inexatos ou desatualizados;<br>Anonimiza\u00e7\u00e3o, bloqueio ou elimina\u00e7\u00e3o de dados desnecess\u00e1rios, excessivos ou tratados em desconformidade;<br>Portabilidade dos dados a outro fornecedor de servi\u00e7o ou produto;<br>Elimina\u00e7\u00e3o dos dados pessoais tratados com o consentimento do titular;<br>Informa\u00e7\u00e3o das entidades p\u00fablicas e privadas com as quais o controlador realizou uso compartilhado de dados;<br>Informa\u00e7\u00e3o sobre a possibilidade de n\u00e3o fornecer consentimento e sobre as consequ\u00eancias da negativa;<br>Revoga\u00e7\u00e3o do consentimento.<\/p>\n\n\n\n<h3 class=\"wp-block-heading\">3.1. Consentimento sobre o uso de dados pessoais<\/h3>\n\n\n\n<p>A iFractal, na papel de Operador, n\u00e3o tem por obriga\u00e7\u00e3o realizar a coleta de consentimento de uso de dados pessoais dos titulares. Se o consentimento for realizado, deve ser feito exclusivamente pelo Controlador.<\/p>\n\n\n\n<h2 class=\"wp-block-heading\">4. Requisitos t\u00e9cnicos na prote\u00e7\u00e3o de dados pessoais<\/h2>\n\n\n\n<p>Para assegurar a prote\u00e7\u00e3o de dados pessoais e refor\u00e7ar o compromisso da iFractal com a LGPD, diversas medidas t\u00e9cnicas e organizacionais, baseadas na ISO 27001, foram implementadas.<\/p>\n\n\n\n<p>A iFractal n\u00e3o armazena dados pessoais em cookies em seus servi\u00e7os e o tr\u00e1fego de dados \u00e9 realizado com o aux\u00edlio de protocolos de seguran\u00e7a altamente utilizados e recomendados no mercado.<\/p>\n\n\n\n<h2 class=\"wp-block-heading\">5. Altera\u00e7\u00f5es da Pol\u00edtica de Privacidade de Dados<\/h2>\n\n\n\n<p>A presente vers\u00e3o desta Pol\u00edtica de Privacidade foi atualizada pela \u00faltima vez em 20\/09\/2023 e aprovada pela Diretoria da iFractal.<\/p>\n\n\n\n<p class=\"has-medium-font-size\">Nos reservamos o direito de modificar, a qualquer momento, as presentes normas especialmente para adapt\u00e1-las \u00e0s eventuais altera\u00e7\u00f5es feitas em nossos sistemas e aplicativos, seja pela disponibiliza\u00e7\u00e3o de novas funcionalidades ou supress\u00e3o ou modifica\u00e7\u00e3o daquelas j\u00e1 existentes.<\/p>\n<\/div>\n<\/div>\n<\/div>\n<\/div><\/div>\n\n\n\n<p><\/p>\n","protected":false},"excerpt":{"rendered":"<p>Pol\u00edtica de Privacidade 1. Introdu\u00e7\u00e3o1.1. Objetivo e escopo desta Pol\u00edtica1.2. Responsabilidades das partes2. Ciclo de Vida dos Dados2.1. Coleta de [&hellip;]<\/p>\n","protected":false},"author":2,"featured_media":0,"parent":0,"menu_order":0,"comment_status":"closed","ping_status":"open","template":"","meta":{"_uag_custom_page_level_css":"","site-sidebar-layout":"default","site-content-layout":"","ast-site-content-layout":"default","site-content-style":"default","site-sidebar-style":"default","ast-global-header-display":"","ast-banner-title-visibility":"","ast-main-header-display":"","ast-hfb-above-header-display":"","ast-hfb-below-header-display":"","ast-hfb-mobile-header-display":"","site-post-title":"disabled","ast-breadcrumbs-content":"","ast-featured-img":"","footer-sml-layout":"","ast-disable-related-posts":"","theme-transparent-header-meta":"","adv-header-id-meta":"","stick-header-meta":"","header-above-stick-meta":"","header-main-stick-meta":"","header-below-stick-meta":"","astra-migrate-meta-layouts":"default","ast-page-background-enabled":"default","ast-page-background-meta":{"desktop":{"background-color":"var(--ast-global-color-4)","background-image":"","background-repeat":"repeat","background-position":"center center","background-size":"auto","background-attachment":"scroll","background-type":"","background-media":"","overlay-type":"","overlay-color":"","overlay-opacity":"","overlay-gradient":""},"tablet":{"background-color":"","background-image":"","background-repeat":"repeat","background-position":"center center","background-size":"auto","background-attachment":"scroll","background-type":"","background-media":"","overlay-type":"","overlay-color":"","overlay-opacity":"","overlay-gradient":""},"mobile":{"background-color":"","background-image":"","background-repeat":"repeat","background-position":"center center","background-size":"auto","background-attachment":"scroll","background-type":"","background-media":"","overlay-type":"","overlay-color":"","overlay-opacity":"","overlay-gradient":""}},"ast-content-background-meta":{"desktop":{"background-color":"var(--ast-global-color-5)","background-image":"","background-repeat":"repeat","background-position":"center center","background-size":"auto","background-attachment":"scroll","background-type":"","background-media":"","overlay-type":"","overlay-color":"","overlay-opacity":"","overlay-gradient":""},"tablet":{"background-color":"var(--ast-global-color-5)","background-image":"","background-repeat":"repeat","background-position":"center center","background-size":"auto","background-attachment":"scroll","background-type":"","background-media":"","overlay-type":"","overlay-color":"","overlay-opacity":"","overlay-gradient":""},"mobile":{"background-color":"var(--ast-global-color-5)","background-image":"","background-repeat":"repeat","background-position":"center center","background-size":"auto","background-attachment":"scroll","background-type":"","background-media":"","overlay-type":"","overlay-color":"","overlay-opacity":"","overlay-gradient":""}},"footnotes":""},"class_list":["post-276","page","type-page","status-publish","hentry"],"uagb_featured_image_src":{"full":false,"thumbnail":false,"medium":false,"medium_large":false,"large":false,"1536x1536":false,"2048x2048":false},"uagb_author_info":{"display_name":"Caio Carraro","author_link":"https:\/\/www.ifclick.com.br\/?author=2"},"uagb_comment_info":0,"uagb_excerpt":"Pol\u00edtica de Privacidade 1. Introdu\u00e7\u00e3o1.1. Objetivo e escopo desta Pol\u00edtica1.2. Responsabilidades das partes2. Ciclo de Vida dos Dados2.1. Coleta de [&hellip;]","_links":{"self":[{"href":"https:\/\/www.ifclick.com.br\/index.php?rest_route=\/wp\/v2\/pages\/276","targetHints":{"allow":["GET"]}}],"collection":[{"href":"https:\/\/www.ifclick.com.br\/index.php?rest_route=\/wp\/v2\/pages"}],"about":[{"href":"https:\/\/www.ifclick.com.br\/index.php?rest_route=\/wp\/v2\/types\/page"}],"author":[{"embeddable":true,"href":"https:\/\/www.ifclick.com.br\/index.php?rest_route=\/wp\/v2\/users\/2"}],"replies":[{"embeddable":true,"href":"https:\/\/www.ifclick.com.br\/index.php?rest_route=%2Fwp%2Fv2%2Fcomments&post=276"}],"version-history":[{"count":19,"href":"https:\/\/www.ifclick.com.br\/index.php?rest_route=\/wp\/v2\/pages\/276\/revisions"}],"predecessor-version":[{"id":1438,"href":"https:\/\/www.ifclick.com.br\/index.php?rest_route=\/wp\/v2\/pages\/276\/revisions\/1438"}],"wp:attachment":[{"href":"https:\/\/www.ifclick.com.br\/index.php?rest_route=%2Fwp%2Fv2%2Fmedia&parent=276"}],"curies":[{"name":"wp","href":"https:\/\/api.w.org\/{rel}","templated":true}]}}